{"id":3202,"date":"2021-06-09T04:22:40","date_gmt":"2021-06-22T02:52:12","guid":{"rendered":"https:\/\/thaiminhanh.com\/product\/building-windows-film-installation-price\/"},"modified":"2021-07-01T15:43:51","modified_gmt":"2021-07-01T15:43:51","slug":"building-windows-film-installation-price","status":"publish","type":"product","link":"https:\/\/thaiminhanh.com\/en\/product\/building-windows-film-installation-price\/","title":{"rendered":"Building windows film installation price"},"content":{"rendered":"<\/p>\n<div class=\"tab-pane active bottom20\" id=\"tab-description\">\n<p style=\"margin-top: 1em;margin-bottom: 1em;padding: 0px;font-family: Arial, Helvetica, sans-serif\"><span style=\"margin: 0px;padding: 0px;font-size: 15px;font-family: arial, helvetica, sans-serif\"><strong style=\"margin: 0px;padding: 0px\">Phim c\u00e1ch nhi\u1ec7t Solar Master \u2013 Ch\u1ed1ng n\u00f3ng b\u1ea3o v\u1ec7 hi\u1ec7u qu\u1ea3 cho ng\u00f4i nh\u00e0 v\u00e0 c\u00e1c t\u00f2a nh\u00e0 v\u0103n ph\u00f2ng<\/strong><\/span><\/p>\n<p style=\"margin-top: 1em;margin-bottom: 1em;padding: 0px;font-family: Arial, Helvetica, sans-serif;text-align: justify\"><span style=\"margin: 0px;padding: 0px;font-size: 15px;font-family: arial, helvetica, sans-serif\">Phim c\u00e1ch nhi\u1ec7t Solar Master ch\u00ednh l\u00e0 gi\u1ea3i ph\u00e1p hi\u1ec7u qu\u1ea3 v\u00e0 an to\u00e0n nh\u1ea5t \u0111\u1ec3 gi\u00fap ch\u00f3ng n\u00f3ng cho ng\u00f4i nh\u00e0 c\u1ee7a ch\u00fang ta. V\u1edbi \u0111\u1eb7c \u0111i\u1ec3m Vi\u1ec7t Nam n\u01b0\u1edbc ta l\u00e0 m\u1ed9t \u0111\u1ea5t n\u01b0\u1edbc c\u00f3 kh\u00ed h\u1eadu nhi\u1ec7t \u0111\u1edbi n\u00ean nhi\u1ec7t \u0111\u1ed9 cao v\u00e0 n\u1eafng n\u00f3ng th\u01b0\u1eddng xuy\u00ean nh\u1ea5t l\u00e0 khu v\u1ef1c mi\u1ec1n Nam v\u00e0 mi\u1ec1n Trung. N\u1eafng n\u00f3ng t\u1eeb m\u1eb7t tr\u1eddi g\u00e2y t\u00e1c \u0111\u1ed9ng r\u1ea5t l\u1edbn \u0111\u1ebfn s\u1ee9c kh\u1ecfe, t\u00e0i s\u1ea3n v\u00e0 \u0111i\u1ec1u ki\u1ec7n s\u1ed1ng c\u1ee7a ch\u00fang ta h\u1eb1ng ng\u00e0y. Ch\u00ednh v\u00ec v\u1eady vi\u1ec7c s\u1eed d\u1ee5ng phim c\u00e1ch nhi\u1ec7t ch\u1ed1ng n\u00f3ng l\u00e0 h\u1ebft s\u1ee9c c\u1ea7n thi\u1ebft,\u00a0\u0111\u1eb7c bi\u1ec7t phim c\u00e1ch nhi\u1ec7t Solar Master l\u00e0 l\u1ef1a ch\u1ecdn kh\u00f4ng th\u1ec3 b\u1ecf qua:<\/span><\/p>\n<p style=\"margin-top: 1em;margin-bottom: 1em;padding: 0px;font-family: Arial, Helvetica, sans-serif\"><span style=\"margin: 0px;padding: 0px;font-size: 15px\">&#8211; Phim c\u00e1ch nhi\u1ec7t Solar Master\u00a0\u0111\u01b0\u1ee3c s\u1ea3n xu\u1ea5t t\u1eeb v\u1eadt li\u1ec7u cao c\u1ea5p n\u00ean hi\u1ec7u qu\u1ea3 ch\u00f3ng n\u00f3ng r\u1ea5t cao v\u00e0 hi\u1ec7u qu\u1ea3 k\u00e9o d\u00e0i.<\/span><\/p>\n<p style=\"margin-top: 1em;margin-bottom: 1em;padding: 0px;font-family: Arial, Helvetica, sans-serif\"><span style=\"font-size: 15px\">&#8211; Ng\u0103n ch\u1eb7n tri\u1ec7t\u00a0\u0111\u1ec3 tia UV \u1ea3nh h\u01b0\u1edfng \u0111\u1ebfn s\u1ee9c kh\u1ecfe v\u00e0 l\u00e0n da nh\u1ea5t l\u00e0 \u0111\u1ed1i v\u1edbi ph\u1ee5c n\u1eef v\u00e0 tr\u1ebb em<\/span><\/p>\n<p style=\"margin-top: 1em;margin-bottom: 1em;padding: 0px;font-family: Arial, Helvetica, sans-serif\"><span style=\"margin: 0px;padding: 0px;font-size: 15px;font-family: arial, helvetica, sans-serif\">&#8211; B\u1ea3o v\u1ec7 \u0111\u1ed3 \u0111\u1ea1c n\u1ed9i th\u1ea5t tr\u00e1nh b\u1ecb l\u00e3o h\u00f3a v\u00e0 h\u01b0 h\u1ecfng do nhi\u1ec7t g\u00e2y n\u00ean.<\/span><\/p>\n<p style=\"margin-top: 1em;margin-bottom: 1em;padding: 0px;font-family: Arial, Helvetica, sans-serif\"><span style=\"margin: 0px;padding: 0px;font-size: 15px;font-family: arial, helvetica, sans-serif\">&#8211; B\u1ea3o v\u1ec7 an to\u00e0n trong tr\u01b0\u1eddng h\u1ee3p c\u00f3 va ch\u1ea1m g\u00e2y v\u1ee1 k\u00ednh.<\/span><\/p>\n<p style=\"margin-top: 1em;margin-bottom: 1em;padding: 0px;font-family: Arial, Helvetica, sans-serif\"><span style=\"margin: 0px;padding: 0px;font-size: 15px\">&#8211; Ti\u1ebft ki\u1ec7m chi ph\u00ed \u0111i\u1ec7n n\u0103ng khi s\u1eed d\u1ee5ng c\u00e1c thi\u1ebft b\u1ecb \u0111i\u1ec1u h\u00f2a<\/span><\/p>\n<p style=\"margin-top: 1em;margin-bottom: 1em;padding: 0px;font-family: Arial, Helvetica, sans-serif\"><span style=\"margin: 0px;padding: 0px;font-size: 15px;font-family: arial, helvetica, sans-serif\">&#8211; T\u1ea1o v\u1ebb \u0111\u1eb9p th\u1eabm m\u1ef9 &amp; sang tr\u1ecdng c\u1ee7a ng\u00f4i nh\u00e0.<\/span><\/p>\n<p style=\"margin-top: 1em;margin-bottom: 1em;padding: 0px;font-family: Arial, Helvetica, sans-serif\"><span style=\"margin: 0px;padding: 0px;font-size: 15px;font-family: arial, helvetica, sans-serif\">&#8211; Ch\u1ea5t l\u01b0\u1ee3ng ch\u00ednh h\u00e3ng, b\u1ea3o\u00a0\u0111\u1ea3m tuy\u1ec7t\u00a0\u0111\u1ed1i kh\u00f4ng c\u00f3 phim gi\u1ea3.<\/span><\/p>\n<p style=\"margin-top: 1em;margin-bottom: 1em;padding: 0px;font-family: Arial, Helvetica, sans-serif\"><span style=\"margin: 0px;padding: 0px;font-size: 15px;font-family: arial, helvetica, sans-serif\"><img decoding=\"async\" title=\"Solar Master TMA\" src=\"http:\/\/chemicalguysvn.com\/wp-content\/uploads\/2013\/05\/Solar-Master-TMA.jpg\" alt=\"\" width=\"570\" style=\"margin: 0px;padding: 0px;cursor: pointer;border-width: initial;border-style: none;max-width: 715px;height: auto\"><\/span><\/p>\n<p style=\"margin-top: 1em;margin-bottom: 1em;padding: 0px;font-family: Arial, Helvetica, sans-serif;text-align: justify\"><span style=\"margin: 0px;padding: 0px;font-size: 15px;font-family: arial, helvetica, sans-serif\">Phim c\u00e1ch nhi\u1ec7t Solar Master \u0111\u01b0\u1ee3c nh\u1eadp kh\u1ea9u t\u1eeb Hoa K\u1ef3 th\u00f4ng qua T\u1eadp \u0111o\u00e0n AB Films v\u00e0 \u0111\u01b0\u1ee3c ch\u00fang t\u00f4i ch\u00ednh th\u1ee9c ph\u00e2n ph\u1ed1i \u1edf Vi\u1ec7t Nam. \u0110\u00e2y l\u00e0 d\u00f2ng phim n\u1ed5i ti\u1ebfng v\u1ec1 ch\u1ea5t l\u01b0\u1ee3ng v\u00e0 \u0111\u1ed9 th\u1ea9m m\u1ef9 hi\u1ec7n nay. B\u00ean c\u1ea1nh \u0111\u00f3 nh\u1edd v\u00e0o chi\u1ebfn l\u01b0\u1ee3c h\u01b0\u1edbng \u0111\u1ebfn ng\u01b0\u1eddi ti\u00eau d\u00f9ng, Solar Master c\u00f3 m\u1ee9c gi\u00e1 ph\u00f9 h\u1ee3p v\u1edbi \u0111\u1ea1i b\u1ed9 ph\u1eadn ng\u01b0\u1eddi ti\u00eau d\u00f9ng. Do \u0111\u00f3 b\u1ea1n c\u00f3 th\u1ec3 l\u1ef1a ch\u1ecdn \u0111\u1ef1a d\u00f2ng s\u1ea3n ph\u1ea9m \u01b0ng \u00fd m\u00e0 kh\u00f4ng ph\u1ea3i t\u1ed1n k\u00e9m cho m\u00ecnh.<\/span><\/p>\n<p style=\"margin-top: 1em;margin-bottom: 1em;padding: 0px;font-family: Arial, Helvetica, sans-serif;text-align: justify\"><img decoding=\"async\" class=\"alignleft  wp-image-2764\" title=\"IMG_4052\" src=\"https:\/\/thaiminhanh.com\/wp-content\/uploads\/2021\/06\/img_4052-1024x1024-3.jpg\" width=\"570\" style=\"margin: 5px 20px 5px 0px;padding: 0px;border-width: initial;border-style: none;max-width: 715px;height: auto;float: left\"><\/p>\n<div style=\"margin: 0px;padding: 0px;font-family: Arial, Helvetica, sans-serif\">\n<p style=\"margin-top: 1em;margin-bottom: 1em;padding: 0px;text-align: justify\"><span style=\"margin: 0px;padding: 0px;font-size: 15px;font-family: arial, helvetica, sans-serif\">Nh\u00e0 ph\u00e2n ph\u1ed1i v\u00e0 l\u1eafp \u0111\u1eb7t chuy\u00ean nghi\u1ec7p: C\u00f4ng ty Th<\/span><span style=\"margin: 0px;padding: 0px;font-family: arial, helvetica, sans-serif;font-size: 15px\">\u00e1i Minh Anh c\u1ee7a ch\u00fang t\u00f4i l\u00e0\u00a0\u0111\u01a1n v\u1ecb ph\u00e2n ph\u1ed1i uy t\u00edn c\u00f9ng\u00a0\u0111\u1ed9i ng\u0169 k\u1ef9 thu\u1eadt nhi\u1ec1u kinh nghi\u1ec7m \u0111\u01b0\u1ee3c \u0111\u00e0o t\u1ea1o b\u00e0i b\u1ea3n. Ch\u00fang t\u00f4i cam k\u1ebft m\u1ed7i m\u1ed9t c\u00f4ng tr\u00ecnh l\u00e0 m\u1ed9t t\u00e1c ph\u1ea9m\u00a0\u0111\u00fang ch\u1ea5t l\u01b0\u1ee3ng v\u00e0 gi\u00e1 tr\u1ecb cho kh\u00e1ch h\u00e0ng.<\/span><\/p>\n<p style=\"margin-top: 1em;margin-bottom: 1em;padding: 0px\"><span style=\"margin: 0px;padding: 0px;font-size: 15px;font-family: arial, helvetica, sans-serif\">Ch\u00ednh s\u00e1ch b\u1ea3o h\u00e0nh ch\u00ednh h\u00e3ng: \u0111\u1ec3 \u0111\u1ea3m b\u1ea3o quy\u1ec1n l\u1ee3i cho ng\u01b0\u1eddi s\u1eed d\u1ee5ng ch\u00fang t\u00f4i cam k\u1ebft ch\u00ednh s\u00e1ch b\u1ea3o h\u00e0nh l\u00e2u d\u00e0i v\u1edbi th\u1eddi h\u1ea1n l\u00e2u d\u00e0i v\u1edbi th\u1eddi gian b\u1ea3o h\u00e0nh 10 n\u0103m.<\/span><\/p>\n<p style=\"margin-top: 1em;margin-bottom: 1em;padding: 0px\"><a href=\"http:\/\/tmahomecare.com\/?attachment_id=2766\" rel=\"attachment wp-att-2766 noopener\" style=\"margin: 0px;padding: 0px;cursor: pointer\" target=\"_blank\"><img decoding=\"async\" class=\"alignleft  wp-image-2766\" title=\"IMG_4056\" src=\"https:\/\/thaiminhanh.com\/wp-content\/uploads\/2021\/06\/img_4056-1024x1024-3.jpg\" width=\"570\" style=\"margin: 5px 20px 5px 0px;padding: 0px;border-width: initial;border-style: none;max-width: 715px;height: auto;float: left\"><\/a><\/p>\n<\/div>\n<\/div>\n","protected":false},"excerpt":{"rendered":"<p>Phim c\u00e1ch nhi\u1ec7t Solar Master \u2013 Ch\u1ed1ng n\u00f3ng b\u1ea3o v\u1ec7 hi\u1ec7u qu\u1ea3 cho ng\u00f4i nh\u00e0 v\u00e0 c\u00e1c t\u00f2a nh\u00e0 v\u0103n ph\u00f2ng Phim c\u00e1ch nhi\u1ec7t Solar Master ch\u00ednh l\u00e0 gi\u1ea3i ph\u00e1p hi\u1ec7u qu\u1ea3 v\u00e0 an to\u00e0n nh\u1ea5t \u0111\u1ec3 gi\u00fap ch\u00f3ng n\u00f3ng cho ng\u00f4i nh\u00e0 c\u1ee7a ch\u00fang ta. V\u1edbi \u0111\u1eb7c \u0111i\u1ec3m Vi\u1ec7t Nam n\u01b0\u1edbc ta l\u00e0 m\u1ed9t \u0111\u1ea5t n\u01b0\u1edbc c\u00f3 kh\u00ed h\u1eadu nhi\u1ec7t \u0111\u1edbi n\u00ean nhi\u1ec7t \u0111\u1ed9 cao v\u00e0 n\u1eafng n\u00f3ng th\u01b0\u1eddng xuy\u00ean nh\u1ea5t l\u00e0 khu v\u1ef1c mi\u1ec1n Nam v\u00e0 mi\u1ec1n Trung. N\u1eafng n\u00f3ng t\u1eeb m\u1eb7t tr\u1eddi g\u00e2y t\u00e1c \u0111\u1ed9ng r\u1ea5t l\u1edbn \u0111\u1ebfn s\u1ee9c kh\u1ecfe, t\u00e0i s\u1ea3n v\u00e0 \u0111i\u1ec1u ki\u1ec7n s\u1ed1ng c\u1ee7a ch\u00fang ta h\u1eb1ng ng\u00e0y. Ch\u00ednh v\u00ec v\u1eady vi\u1ec7c s\u1eed d\u1ee5ng phim c\u00e1ch nhi\u1ec7t ch\u1ed1ng n\u00f3ng l\u00e0 h\u1ebft s\u1ee9c c\u1ea7n thi\u1ebft,\u00a0\u0111\u1eb7c bi\u1ec7t phim c\u00e1ch nhi\u1ec7t Solar Master l\u00e0 l\u1ef1a ch\u1ecdn kh\u00f4ng th\u1ec3 b\u1ecf qua: &#8211; Phim c\u00e1ch nhi\u1ec7t Solar Master\u00a0\u0111\u01b0\u1ee3c s\u1ea3n xu\u1ea5t t\u1eeb v\u1eadt li\u1ec7u cao c\u1ea5p n\u00ean hi\u1ec7u qu\u1ea3 ch\u00f3ng n\u00f3ng r\u1ea5t cao v\u00e0 hi\u1ec7u qu\u1ea3 k\u00e9o d\u00e0i. &#8211; Ng\u0103n ch\u1eb7n tri\u1ec7t\u00a0\u0111\u1ec3 tia UV \u1ea3nh h\u01b0\u1edfng \u0111\u1ebfn s\u1ee9c kh\u1ecfe v\u00e0 l\u00e0n da nh\u1ea5t l\u00e0 \u0111\u1ed1i v\u1edbi ph\u1ee5c n\u1eef v\u00e0 tr\u1ebb em &#8211; B\u1ea3o v\u1ec7 \u0111\u1ed3 \u0111\u1ea1c n\u1ed9i th\u1ea5t tr\u00e1nh b\u1ecb l\u00e3o h\u00f3a v\u00e0 h\u01b0 h\u1ecfng do nhi\u1ec7t g\u00e2y n\u00ean. &#8211;&#8230;<\/p>\n","protected":false},"featured_media":3802,"comment_status":"open","ping_status":"closed","template":"","meta":{"_acf_changed":false},"product_brand":[],"product_cat":[321,323,324,326],"product_tag":[],"class_list":{"0":"post-3202","1":"product","2":"type-product","3":"status-publish","4":"has-post-thumbnail","6":"product_cat-glass-windows-film","7":"product_cat-windows-installation-price","8":"product_cat-solar-master-film-introduction","9":"product_cat-function-of-windows-film","11":"first","12":"instock","13":"taxable","14":"shipping-taxable","15":"product-type-simple"},"acf":[],"_links":{"self":[{"href":"https:\/\/thaiminhanh.com\/en\/wp-json\/wp\/v2\/product\/3202","targetHints":{"allow":["GET"]}}],"collection":[{"href":"https:\/\/thaiminhanh.com\/en\/wp-json\/wp\/v2\/product"}],"about":[{"href":"https:\/\/thaiminhanh.com\/en\/wp-json\/wp\/v2\/types\/product"}],"replies":[{"embeddable":true,"href":"https:\/\/thaiminhanh.com\/en\/wp-json\/wp\/v2\/comments?post=3202"}],"wp:featuredmedia":[{"embeddable":true,"href":"https:\/\/thaiminhanh.com\/en\/wp-json\/wp\/v2\/media\/3802"}],"wp:attachment":[{"href":"https:\/\/thaiminhanh.com\/en\/wp-json\/wp\/v2\/media?parent=3202"}],"wp:term":[{"taxonomy":"product_brand","embeddable":true,"href":"https:\/\/thaiminhanh.com\/en\/wp-json\/wp\/v2\/product_brand?post=3202"},{"taxonomy":"product_cat","embeddable":true,"href":"https:\/\/thaiminhanh.com\/en\/wp-json\/wp\/v2\/product_cat?post=3202"},{"taxonomy":"product_tag","embeddable":true,"href":"https:\/\/thaiminhanh.com\/en\/wp-json\/wp\/v2\/product_tag?post=3202"}],"curies":[{"name":"wp","href":"https:\/\/api.w.org\/{rel}","templated":true}]}}