{"id":3324,"date":"2021-06-09T16:00:32","date_gmt":"2021-06-22T06:50:29","guid":{"rendered":"https:\/\/thaiminhanh.com\/product\/function-of-solar-master-film\/"},"modified":"2021-07-02T09:36:57","modified_gmt":"2021-07-02T09:36:57","slug":"function-of-solar-master-film","status":"publish","type":"product","link":"https:\/\/thaiminhanh.com\/en\/product\/function-of-solar-master-film\/","title":{"rendered":"Function of Solar Master film"},"content":{"rendered":"<\/p>\n<div class=\"tab-pane active bottom20\" id=\"tab-description\">\n<p style=\"margin-top: 1em;margin-bottom: 1em;font-size: 14px;padding: 0px;font-family: Arial, Helvetica, sans-serif\"><span style=\"margin: 0px;padding: 0px;font-size: 15px;font-family: arial, helvetica, sans-serif\"><span style=\"font-weight: 700;margin: 0px;padding: 0px\">1. T\u1ea1i sao ch\u00fang ta n\u00ean l\u1eafp \u0111\u1eb7t phim c\u00e1ch nhi\u1ec7t<\/span><\/span><\/p>\n<p style=\"margin-top: 1em;margin-bottom: 1em;font-size: 14px;padding: 0px;font-family: Arial, Helvetica, sans-serif\"><img decoding=\"async\" class=\"alignleft  wp-image-2503\" title=\"Solar Backgroundnew\" src=\"https:\/\/thaiminhanh.com\/wp-content\/uploads\/2021\/07\/solar-backgroundnew-1024x370-1.jpg\" width=\"570\" style=\"border-width: initial;border-style: none;margin: 5px 20px 5px 0px;padding: 0px;max-width: 715px;float: right;width: 996px\"><\/p>\n<ul style=\"margin-right: 0px;margin-bottom: 0px;margin-left: 0px;padding: 0px;font-size: 14px;font-family: Arial, Helvetica, sans-serif\">\n<li style=\"margin: 5px 20px;padding: 0px\"><span style=\"font-family: arial, helvetica, sans-serif;font-size: 15px\">Phim c\u00e1ch nhi\u1ec7t mang l\u1ea1i hi\u1ec7u qu\u1ea3 thi\u1ebft y\u1ebfu cho ng\u01b0\u1eddi s\u1eed d\u1ee5ng v\u00e0 sau\u00a0\u0111\u00e2y l\u00e0 07 l\u00fd do c\u1ea7n thi\u1ebft n\u00ean l\u1eafp\u00a0\u0111\u1eb7t phim c\u00e1ch nhi\u1ec7t:<\/span>\n<p style='margin-bottom: 10px;font-family: \"Open Sans\", sans-serif'>\n<p style='margin-bottom: 10px;font-family: \"Open Sans\", sans-serif;text-align: justify'><span style=\"font-family: arial, helvetica, sans-serif;font-size: 15px\"><span>1.1\u00a0<\/span><span style=\"font-weight: bold\">Gi\u1ea3m nhi\u1ec7t<\/span><span>:\u00a0<\/span><\/span><span style=\"font-family: tahoma, geneva, sans-serif\">Phim c\u00e1ch nhi\u1ec7t l\u00e0 gi\u1ea3i ph\u00e1p hi\u1ec7u qu\u1ea3 nh\u1ea5t gi<\/span><span style=\"font-family: tahoma, geneva, sans-serif\">\u00fap<\/span><span style=\"font-family: tahoma, geneva, sans-serif\">\u00a0gi\u1ea3m s\u1ee9c n\u00f3ng kh<\/span><span style=\"font-family: tahoma, geneva, sans-serif\">\u00f4ng mong mu\u1ed1n\u00a0\u0111\u01b0\u1ee3c truy\u1ec1n\u00a0t\u1eeb m\u1eb7t tr\u1eddi truy\u1ec1n qua c\u1eeda k\u00ednh.\u00a0N\u00f3 c\u00f3 th\u1ec3 c\u00e1ch nhi\u1ec7t t\u1edbi 80% so v\u1edbi c\u00e1c lo\u1ea1i k\u00ednh th\u00f4ng th\u01b0\u1eddng,\u00a0\u0111\u1ed3ng th\u1eddi gi\u00fap\u00a0ki\u1ec3m so\u00e1t \u0111\u01b0\u1ee3c c\u00e1c v\u00f9ng n\u00f3ng l\u1ea1nh kh\u00e1c nhau v\u00e0 l\u00e0m m\u00e1t nh\u1eefng v\u00f9ng ph\u01a1i n\u1eafng trong nh\u00e0 ho\u1eb7c v\u0103n ph\u00f2ng, m\u00e0 kh\u00f4ng ph\u1ea3i t\u1eeb b\u1ecf\u00a0\u00e1nh s\u00e1ng t\u1ef1 nhi\u00ean.<\/span><\/p>\n<p style='margin-bottom: 10px;font-family: \"Open Sans\", sans-serif;text-align: justify'><span style=\"font-family: tahoma, geneva, sans-serif\"><span>1.2\u00a0<\/span><span style=\"font-weight: bold\">B\u1ea3o v\u1ec7 s\u1ee9c kh\u1ecfe v\u00e0\u00a0\u0111\u1ed3 n\u1ed9i th\u1ea5t<\/span><span>:\u00a0<\/span><\/span><span style=\"font-family: tahoma, geneva, sans-serif\">B\u00ean c\u1ea1nh vi\u1ec7c ch\u1ed1ng n\u00f3ng, phim c\u00e1ch nhi\u1ec7t ng\u0103n ch\u1eb7n\u00a0\u0111\u1ebfn\u00a099% tia UV. \u0110i\u1ec1u n\u00e0y gi\u00fap b\u1ea3o v\u1ec7 \u0111\u1ed3 n\u1ed9i th\u1ea5t kh\u00f4ng b\u1ecb b\u1ea1c m\u00e0u, l\u00e3o h\u00f3a v\u00e0 l\u00e0 b\u1ee9c m\u00e0ng<\/span><span style=\"font-family: tahoma, geneva, sans-serif\">\u00a0b\u1ea3o v\u1ec7 l\u00e0n da tr\u01b0\u1edbc c\u00e1c t\u00e1c h\u1ea1i c\u1ee7a m\u1eb7t tr\u1eddi.\u00a0\u0110\u1eb7c bi\u1ec7t b\u1ea3o v\u1ec7 l\u00e0n da ph\u1ee5 n\u1eef v\u00e0 tr\u1ebb em tr\u01b0\u1edbc t\u00e1c\u00a0\u0111\u1ed9ng c\u1ee7a\u00a0\u00e1nh n\u1eafng b\u00ean ngo\u00e0i.<\/span><\/p>\n<p style='margin-bottom: 10px;font-family: \"Open Sans\", sans-serif;text-align: justify'><span style=\"font-family: tahoma, geneva, sans-serif\"><span>1.3\u00a0<\/span><span style=\"font-weight: bold\">Gi\u1ea3m Ch\u00f3i<\/span><span>:\u00a0<\/span><\/span><span style=\"font-family: tahoma, geneva, sans-serif\">Cho d\u00f9 b\u1ea5t k\u1ef3 t\u00e1c nh\u00e2n n\u00e0o &#8211; \u00e1nh n\u1eafng tr\u1ef1c ti\u1ebfp t\u1eeb m\u1eb7t tr\u1eddi, ph\u1ea3n x\u1ea1 \u00e1nh s\u00e1ng t\u1eeb tuy\u1ebft, n\u01b0\u1edbc ho\u1eb7c c\u00e1c t\u00f2a nh\u00e0 xung quanh \u2013 s\u1eed d\u1ee5ng\u00a0<\/span><span style=\"margin: 0px;padding: 0px;font-family: tahoma, geneva, sans-serif\">phim c\u00e1ch nhi\u1ec7t<\/span><span style=\"font-weight: 700;margin: 0px;padding: 0px;font-family: tahoma, geneva, sans-serif\">\u00a0<\/span><span style=\"font-family: tahoma, geneva, sans-serif\">s\u1ebd gi\u00fap b\u1ea1n gi\u1ea3m\u00a0\u0111\u01b0\u1ee3c c\u00e1c tia s\u00e1ng ch\u00f3i kh\u00f3 ch\u1ecbu\u00a0ph\u00e1t ra t\u1eeb c\u00e1c v\u1eadt th\u1ec3 n\u00eau tr\u00ean.<\/span><\/p>\n<p style='margin-bottom: 10px;font-family: \"Open Sans\", sans-serif;text-align: justify'><span style=\"font-family: tahoma, geneva, sans-serif\"><span>1.4\u00a0<\/span><span style=\"font-weight: bold\">Ti\u1ebft ki\u1ec7m n\u0103ng l\u01b0\u1ee3ng<\/span><span>: kh\u1ea3 n\u0103ng gi\u1ea3m thi\u1ec3u ch\u00eanh l\u1ec7ch nhi\u1ec7t \u0111\u1ed9 g\u00e2y ra b\u1edfi \u00e1nh n\u1eafng m\u1eb7t tr\u1eddi l\u00e0 l\u00fd do t\u1ea1i sao c\u00e1c nh\u00e0 thi\u1ebft k\u1ebf, ki\u1ebfn tr\u00fac s\u01b0\u00a0\u01b0a chu\u1ed9ng s\u1eed d\u1ee5ng\u00a0phim c\u00e1ch nhi\u1ec7t. Gi\u1ea3m th\u1ea5t tho\u00e1t n\u0103ng l\u01b0\u1ee3ng s\u1ebd gi\u00fap\u00a0gi\u1ea3m chi ph\u00ed ti\u00eau hao c\u1ee7a\u00a0\u0111i\u1ec1u h\u00f2a.<\/span><\/span><\/p>\n<p style='margin-bottom: 10px;font-family: \"Open Sans\", sans-serif;text-align: justify'><span style=\"font-family: tahoma, geneva, sans-serif\"><span>1.5\u00a0<\/span><span style=\"font-weight: bold\">N\u00e2ng cao\u00a0\u0111\u1ed9 an to\u00e0n<\/span><span>: C\u00e1c tai n\u1ea1n, y\u1ebfu t\u1ed1 t\u1ef1 nhi\u00ean v\u00e0 tr\u1ed9m \u0111\u1ea1o c\u00f3 th\u1ec3 l\u00e0 t\u00e1c nh\u00e2n l\u00e0m k\u00ednh v\u1ee1, \u0111e d\u1ecda \u0111\u1ebfn t\u00ednh m\u1ea1ng con ng\u01b0\u1eddi.\u00a0<\/span><\/span><span style=\"margin: 0px;padding: 0px;font-family: tahoma, geneva, sans-serif\">Phim c\u00e1ch nhi\u1ec7t\u00a0\u0111\u00f3ng vai tr\u00f2 l\u00e0 t\u1ea5m l\u01b0\u1edbi an to\u00e0n<\/span><span style=\"font-family: tahoma, geneva, sans-serif\">\u00a0b\u1eb1ng c\u00e1ch\u00a0gi\u1eef c\u00e1c m\u1ea3nh k\u00ednh b\u1ecb v\u1ee1 l\u1ea1i v\u1edbi nhau.<\/span><\/p>\n<p style='margin-bottom: 10px;font-family: \"Open Sans\", sans-serif;text-align: justify'><span style=\"font-family: tahoma, geneva, sans-serif\"><span>1.6\u00a0<\/span><span style=\"font-weight: bold\">Duy tr\u00ec v\u1ebb m\u1ef9 quan<\/span><span>:\u00a0<\/span><\/span><span style=\"font-family: tahoma, geneva, sans-serif\">Cho d\u00f9 t\u00f2a nh\u00e0 mang d\u00e1ng v\u1ebb\u00a0hi\u1ec7n\u00a0\u0111\u1ea1i hay ki\u1ebfn tr\u00fac\u00a0\u0111\u1ed3ng nh\u1ea5t, vi\u1ec7c s\u1eed d\u1ee5ng\u00a0<\/span><span style=\"margin: 0px;padding: 0px;font-family: tahoma, geneva, sans-serif\">phim c\u00e1ch nhi\u1ec7t<\/span><span style=\"font-family: tahoma, geneva, sans-serif\">\u00a0s\u1ebd l\u00e0m t\u0103ng v\u1ebb \u0111\u1eb9p v\u00e0 t\u00ednh th\u1ea9m m\u1ef9 cho ng\u00f4i nh\u00e0 v\u00e0 cao \u1ed1c v\u0103n ph\u00f2ng c\u1ee7a kh\u00e1ch h\u00e0ng.<\/span><\/p>\n<p><span style=\"font-family: tahoma, geneva, sans-serif;text-align: justify\">1.7\u00a0<\/span><span style=\"font-family: tahoma, geneva, sans-serif;text-align: justify;font-weight: bold\">L\u1eafp\u00a0\u0111\u1eb7t nhanh ch\u00f3ng v\u00e0 d\u1ec5 d\u00e0ng<\/span><span style=\"font-family: tahoma, geneva, sans-serif;text-align: justify\">: Quy tr\u00ecnh l\u1eafp\u00a0\u0111\u1eb7t chuy\u00ean nghi\u1ec7p r\u1ea5t nhanh ch\u00f3ng v\u00e0\u00a0\u0111\u01a1n gi\u1ea3n. Cu\u1ed9c s\u1ed1ng h\u00e0ng ng\u00e0y v\u00e0 l\u1ecbch l\u00e0m vi\u1ec7c c\u1ee7a qu\u00fd kh\u00e1ch h\u00e0ng r\u1ea5t\u00a0\u00edt b\u1ecb\u00a0\u1ea3nh h\u01b0\u1edfng<\/span>.<\/li>\n<\/ul>\n<p><span style=\"font-size: 14px;font-family: Arial, Helvetica, sans-serif\"><img decoding=\"async\" src=\"https:\/\/thaiminhanh.com\/wp-content\/uploads\/2021\/07\/poster20phim20solar20master.jpg\" style=\"width: 996px\" title=\"poster20phim20solar20master\"><br \/><\/span><\/p>\n<p style='margin-bottom: 10px;font-family: Helvertica, Roboto, \"Open Sans\", sans-serif;font-size: 14px'>\n<p style='margin-bottom: 10px;font-family: Helvertica, Roboto, \"Open Sans\", sans-serif;font-size: 14px'><span style=\"font-family: Arial, Helvetica, sans-serif\"><br \/><\/span><span style=\"font-family: arial, helvetica, sans-serif;font-size: 15px\"><br \/><\/span><span style=\"margin: 0px;padding: 0px;font-size: 15px;font-family: arial, helvetica, sans-serif\"><br \/><\/span><img decoding=\"async\" class=\"alignleft  wp-image-2217\" title=\"S1\" src=\"https:\/\/thaiminhanh.com\/wp-content\/uploads\/2021\/07\/s1.png\" width=\"570\" style=\"border-width: initial;border-style: none;font-family: Arial, Helvetica, sans-serif;margin: 5px 20px 5px 0px;padding: 0px;max-width: 715px;float: right;width: 996px\"><\/p>\n<div style=\"font-size: 14px;margin: 0px;padding: 0px;font-family: Arial, Helvetica, sans-serif\"><span style=\"margin: 0px;padding: 0px;font-size: 15px;font-family: arial, helvetica, sans-serif\"><span style=\"font-weight: 700;margin: 0px;padding: 0px\">2. Nh\u1eefng th\u00f4ng s\u1ed1 c\u1ea7n l\u01b0u \u00fd khi l\u1eafp \u0111\u1eb7t phim:<\/span><\/span><\/div>\n<div style='font-family: Helvertica, Roboto, \"Open Sans\", sans-serif;font-size: 14px;margin: 0px;padding: 0px'>\n<ul style=\"margin-right: 0px;margin-bottom: 0px;margin-left: 0px;padding: 0px;font-family: Arial, Helvetica, sans-serif\">\n<li style=\"margin: 5px 20px;padding: 0px\"><span style=\"margin: 0px;padding: 0px;font-size: 15px;font-family: arial, helvetica, sans-serif\">T\u1ef7 l\u1ec7 c\u00e1ch nhi\u1ec7t: \u0111\u00e2y l\u00e0 ch\u1ec9 s\u1ed1 ph\u1ea3n \u00e1nh kh\u1ea3 n\u0103ng ng\u0103n ch\u1eb7n nhi\u1ec7t \u0111\u1ed9 b\u00ean ngo\u00e0i t\u00e1c \u0111\u1ed9ng \u0111\u1ebfn xe. Ch\u1ec9 s\u1ed1 n\u00e0y c\u00e0ng l\u1edbn th\u00ec kh\u1ea3 n\u0103ng c\u00e1ch c\u1ee7a phim c\u00e0ng cao. T\u1ef7 l\u1ec7 c\u00e1ch nhi\u1ec7t \u0111\u01b0\u1ee3c t\u00ednh b\u1eb1ng % nhi\u1ec7t \u0111\u1ed9 \u0111\u01b0\u1ee3c gi\u1ea3m \u0111i khi \u0111i qua l\u1edbp phim b\u1ea3o v\u1ec7.<\/span><\/li>\n<li style=\"margin: 5px 20px;padding: 0px\"><span style=\"margin: 0px;padding: 0px;font-size: 15px;font-family: arial, helvetica, sans-serif\">Ch\u1ed1ng tia UV: \u0111\u00e2y l\u00e0 ch\u1ec9 s\u1ed1 \u0111\u00e1nh gi\u00e1 kh\u1ea3 n\u0103ng ng\u0103n ch\u1eb7n tia UV c\u1ee7a phim, hi\u1ec7n nay c\u00e1c lo\u1ea1i phim t\u1ed1t kh\u1ea3 n\u0103ng ng\u0103n ch\u1eb7n tia UV g\u1ea7n nh\u01b0 100%.<\/span><\/li>\n<li style=\"margin: 5px 20px;padding: 0px\"><span style=\"margin: 0px;padding: 0px;font-size: 15px;font-family: arial, helvetica, sans-serif\">\u0110\u1ed9 xuy\u00ean s\u00e1ng: \u0111\u00e2y l\u00e0 ch\u1ec9 s\u1ed1 \u0111\u1eb7t bi\u1ec7t quan tr\u1ecdng \u0111\u1ed1i v\u1edbi k\u00ednh l\u00e1i c\u1ee7a xe. Ch\u1ec9 s\u1ed1 n\u00e0y ph\u1ea3i \u0111\u1ea3m b\u1ea3o \u0111\u1ec3 gi\u00fap cho t\u1ea7m quan s\u00e1t c\u1ee7a ng\u01b0\u1eddi l\u00e1i kh\u00f4ng \u1ea3nh h\u01b0\u1edfng sau khi l\u1eafp \u0111\u1eb7t phim. \u0110\u1ed1i v\u1edbi k\u00ednh h\u00f4ng th\u00ec \u0111\u1ed9 xuy\u00ean s\u00e1ng ch\u1ec9 c\u1ea7n \u1edf m\u1ee9c trung b\u00ecnh.<\/span><\/li>\n<\/ul>\n<p><span style=\"font-family: arial, helvetica, sans-serif;font-size: 15px\"><\/p>\n<p><\/span><\/p>\n<div style=\"font-family: Arial, Helvetica, sans-serif;margin: 0px;padding: 0px\"><span style=\"margin: 0px;padding: 0px;font-size: 15px;line-height: 22.5px\"><a href=\"http:\/\/tmahomecare.com\/?attachment_id=2218\" rel=\"attachment wp-att-2218 noopener\" style=\"margin: 0px;padding: 0px;cursor: pointer\" target=\"_blank\"><img decoding=\"async\" class=\"alignleft  wp-image-2218\" title=\"S3-1028x350\" src=\"https:\/\/thaiminhanh.com\/wp-content\/uploads\/2021\/07\/s3-1028x350-1.png\" width=\"570\" style=\"border-width: initial;border-style: none;margin: 5px 20px 5px 0px;padding: 0px;max-width: 715px;float: right;width: 996px\"><\/a><\/span><\/div>\n<p style=\"margin-top: 1em;margin-bottom: 1em;font-family: Arial, Helvetica, sans-serif;padding: 0px\"><span style=\"margin: 0px;padding: 0px;font-size: 15px;font-family: arial, helvetica, sans-serif\"><span style=\"font-weight: 700;margin: 0px;padding: 0px\">3. T\u1ea1i sao b\u1ea1n n\u00ean l\u1ef1a ch\u1ecdn phim c\u00e1ch nhi\u1ec7t Solar Master c\u1ee7a M\u1ef9:<\/span><\/span><\/p>\n<p style=\"margin-top: 1em;margin-bottom: 1em;font-family: Arial, Helvetica, sans-serif;padding: 0px\"><span style=\"margin: 0px;padding: 0px;font-size: 15px;font-family: arial, helvetica, sans-serif\">Vi\u1ec7c l\u1ef1a ch\u1ecdn phim c\u00e1ch nhi\u1ec7t c\u0169ng t\u01b0\u01a1ng \u0111\u1ed1i r\u1ea5t kh\u00f3 kh\u0103n v\u00ec hi\u1ec7n nay c\u00f3 r\u1ea5t nhi\u1ec1u nh\u00e3n hi\u1ec7u \u0111\u1ec3 l\u1ef1a ch\u1ecdn, ch\u00fang t\u00f4i \u0111\u1ec1 ngh\u1ecb b\u1ea1n n\u00ean l\u1ef1a ch\u1ecdn phim c\u00e1ch nhi\u1ec7t Solar Master v\u00ec nh\u1eefng l\u00fd do sau:<\/span><\/p>\n<ul style=\"margin-right: 0px;margin-bottom: 0px;margin-left: 0px;padding: 0px;font-family: Arial, Helvetica, sans-serif\">\n<li style=\"margin: 5px 20px;padding: 0px\"><span style=\"margin: 0px;padding: 0px;font-size: 15px;font-family: arial, helvetica, sans-serif\">Th\u01b0\u01a1ng hi\u1ec7u phim uy t\u00edn v\u00e0 n\u1ed5i ti\u1ebfng: Solar Master l\u00e0 s\u1ea3n ph\u1ea9m h\u00e0ng \u0111\u1ea7u c\u1ee7a M\u1ef9 n\u00ean ch\u1ea5t l\u01b0\u1ee3ng s\u1ea3n ph\u1ea9m l\u00e0 \u0111\u1ea3m b\u1ea3o v\u00e0 \u0111\u00e1ng tin c\u1eady. Phim \u0111\u01b0\u1ee3c l\u00e0m t\u1eeb kim lo\u1ea1i v\u00e0 c\u00e1c th\u00e0nh ph\u1ea7n t\u1ed5ng h\u1ee3p gi\u00fap film c\u00f3 tu\u1ed5i th\u1ecd cao v\u00e0 hi\u1ec7u qu\u1ea3 r\u00f5 n\u00e9t qua th\u1eddi gian.<\/span><\/li>\n<li style=\"margin: 5px 20px;padding: 0px\"><span style=\"margin: 0px;padding: 0px;font-size: 15px;font-family: arial, helvetica, sans-serif\">Ngu\u1ed3n g\u1ed1c phim ch\u00ednh h\u00e3ng: Phim c\u00e1ch nhi\u1ec7t Solar Master \u0111\u01b0\u1ee3c ch\u00fang t\u00f4i nh\u1eadp kh\u1ea9u tr\u1ef1c ti\u1ebfp t\u1eeb T\u1eadp \u0111o\u00e0n AB Film n\u00ean c\u00f3 ngu\u1ed3n g\u1ed1c r\u00f5 r\u00e0ng v\u00e0 \u0111\u1ea3m b\u1ea3o ch\u1ea5t l\u01b0\u1ee3ng c\u1ee7a t\u1eebng c\u00e2y phim kh\u00f4ng b\u1ecb l\u00e0m gi\u1ea3 ho\u1eb7c l\u00e0m nh\u00e1i. \u1ede Vi\u1ec7t Nam Solar Master \u0111\u01b0\u1ee3c ph\u00e2n ph\u1ed1i b\u1edfi c\u00f4ng ty Th\u00e1i Minh Anh (TMA).<\/span><\/li>\n<li style=\"margin: 5px 20px;padding: 0px\"><span style=\"margin: 0px;padding: 0px;font-size: 15px;font-family: arial, helvetica, sans-serif\">Ch\u00ednh s\u00e1ch b\u1ea3o h\u00e0ng ch\u00ednh h\u00e3ng xuy\u00ean su\u1ed1t: v\u1edbi th\u1eddi gian b\u1ea3o h\u00e0nh l\u00ean \u0111\u1ebfn 10 n\u0103m \u0111\u1ed1i v\u1edbi phim l\u1eafp \u0111\u1eb7t cho \u00f4 t\u00f4 n\u00ean kh\u00e1ch h\u00e0ng c\u00f3 th\u1ec3 ho\u00e0n to\u00e0n y\u00ean t\u00e2m.<\/span><\/li>\n<li style=\"margin: 5px 20px;padding: 0px\"><span style=\"margin: 0px;padding: 0px;font-size: 15px;font-family: arial, helvetica, sans-serif\">M\u1ee9c gi\u00e1 c\u1ea3 h\u1ee3p l\u00fd: V\u1edbi mong mu\u1ed1n t\u1ea1o m\u1ed9t m\u1ee9c gi\u00e1 c\u1ea3 h\u1ee3p l\u00fd \u0111\u1ec3 kh\u00e1ch h\u00e0ng c\u00f3 th\u1ec3 ti\u1ebfp c\u1eadn v\u00e0 s\u1eed d\u1ee5ng th\u01b0\u01a1ng hi\u1ec7u phim c\u00e1ch nhi\u1ec7t c\u1ee7a ch\u00fang t\u00f4i m\u1ed9t c\u00e1ch d\u1ec5 d\u00e0ng. Ch\u00fang t\u00f4i x\u00e2y d\u1ef1ng c\u01a1 ch\u1ebf ch\u00ednh s\u00e1ch gi\u00e1 th\u1ed1ng nh\u1ea5t v\u00e0 h\u1ee3p l\u00fd nh\u1ea5t cho ch\u00e1ch h\u00e0ng. \u0110\u1ec3 kh\u00e1ch h\u00e0ng c\u00f3 th\u1ec3 l\u1ef1a ch\u1ecdn phim t\u1ed1t nh\u1ea5t v\u1edbi chi ph\u00ed h\u1ee3p l\u00fd nh\u1ea5t.<\/span><\/li>\n<li style=\"margin: 5px 20px;padding: 0px\"><span style=\"margin: 0px;padding: 0px;font-size: 15px;font-family: arial, helvetica, sans-serif\">D\u1ecbch v\u1ee5 h\u1ed7 tr\u1ee3: ch\u00fang t\u00f4i th\u1ef1c hi\u1ec7n thi c\u00f4ng v\u00e0 b\u1ea3o h\u00e0nh t\u1eadn nh\u00e0 m\u1ed9t c\u00e1ch nhanh ch\u00f3ng, nhi\u1ec7t t\u00ecnh, chu \u0111\u00e1o v\u00e0 an to\u00e0n.<\/span><\/li>\n<\/ul>\n<\/div>\n<\/div>\n","protected":false},"excerpt":{"rendered":"<p>1. T\u1ea1i sao ch\u00fang ta n\u00ean l\u1eafp \u0111\u1eb7t phim c\u00e1ch nhi\u1ec7t Phim c\u00e1ch nhi\u1ec7t mang l\u1ea1i hi\u1ec7u qu\u1ea3 thi\u1ebft y\u1ebfu cho ng\u01b0\u1eddi s\u1eed d\u1ee5ng v\u00e0 sau\u00a0\u0111\u00e2y l\u00e0 07 l\u00fd do c\u1ea7n thi\u1ebft n\u00ean l\u1eafp\u00a0\u0111\u1eb7t phim c\u00e1ch nhi\u1ec7t: 1.1\u00a0Gi\u1ea3m nhi\u1ec7t:\u00a0Phim c\u00e1ch nhi\u1ec7t l\u00e0 gi\u1ea3i ph\u00e1p hi\u1ec7u qu\u1ea3 nh\u1ea5t gi\u00fap\u00a0gi\u1ea3m s\u1ee9c n\u00f3ng kh\u00f4ng mong mu\u1ed1n\u00a0\u0111\u01b0\u1ee3c truy\u1ec1n\u00a0t\u1eeb m\u1eb7t tr\u1eddi truy\u1ec1n qua c\u1eeda k\u00ednh.\u00a0N\u00f3 c\u00f3 th\u1ec3 c\u00e1ch nhi\u1ec7t t\u1edbi 80% so v\u1edbi c\u00e1c lo\u1ea1i k\u00ednh th\u00f4ng th\u01b0\u1eddng,\u00a0\u0111\u1ed3ng th\u1eddi gi\u00fap\u00a0ki\u1ec3m so\u00e1t \u0111\u01b0\u1ee3c c\u00e1c v\u00f9ng n\u00f3ng l\u1ea1nh kh\u00e1c nhau v\u00e0 l\u00e0m m\u00e1t nh\u1eefng v\u00f9ng ph\u01a1i n\u1eafng trong nh\u00e0 ho\u1eb7c v\u0103n ph\u00f2ng, m\u00e0 kh\u00f4ng ph\u1ea3i t\u1eeb b\u1ecf\u00a0\u00e1nh s\u00e1ng t\u1ef1 nhi\u00ean. 1.2\u00a0B\u1ea3o v\u1ec7 s\u1ee9c kh\u1ecfe v\u00e0\u00a0\u0111\u1ed3 n\u1ed9i th\u1ea5t:\u00a0B\u00ean c\u1ea1nh vi\u1ec7c ch\u1ed1ng n\u00f3ng, phim c\u00e1ch nhi\u1ec7t ng\u0103n ch\u1eb7n\u00a0\u0111\u1ebfn\u00a099% tia UV. \u0110i\u1ec1u n\u00e0y gi\u00fap b\u1ea3o v\u1ec7 \u0111\u1ed3 n\u1ed9i th\u1ea5t kh\u00f4ng b\u1ecb b\u1ea1c m\u00e0u, l\u00e3o h\u00f3a v\u00e0 l\u00e0 b\u1ee9c m\u00e0ng\u00a0b\u1ea3o v\u1ec7 l\u00e0n da tr\u01b0\u1edbc c\u00e1c t\u00e1c h\u1ea1i c\u1ee7a m\u1eb7t tr\u1eddi.\u00a0\u0110\u1eb7c bi\u1ec7t b\u1ea3o v\u1ec7 l\u00e0n da ph\u1ee5 n\u1eef v\u00e0 tr\u1ebb em tr\u01b0\u1edbc t\u00e1c\u00a0\u0111\u1ed9ng c\u1ee7a\u00a0\u00e1nh n\u1eafng b\u00ean ngo\u00e0i. 1.3\u00a0Gi\u1ea3m Ch\u00f3i:\u00a0Cho d\u00f9 b\u1ea5t k\u1ef3 t\u00e1c nh\u00e2n n\u00e0o &#8211; \u00e1nh n\u1eafng tr\u1ef1c ti\u1ebfp t\u1eeb m\u1eb7t tr\u1eddi, ph\u1ea3n x\u1ea1 \u00e1nh s\u00e1ng t\u1eeb tuy\u1ebft, n\u01b0\u1edbc ho\u1eb7c c\u00e1c t\u00f2a nh\u00e0 xung quanh \u2013 s\u1eed d\u1ee5ng\u00a0phim c\u00e1ch nhi\u1ec7t\u00a0s\u1ebd gi\u00fap&#8230;<\/p>\n","protected":false},"featured_media":2667,"comment_status":"open","ping_status":"closed","template":"","meta":{"_acf_changed":false},"product_brand":[],"product_cat":[323,324,326],"product_tag":[],"class_list":{"0":"post-3324","1":"product","2":"type-product","3":"status-publish","4":"has-post-thumbnail","6":"product_cat-windows-installation-price","7":"product_cat-solar-master-film-introduction","8":"product_cat-function-of-windows-film","10":"first","11":"instock","12":"taxable","13":"shipping-taxable","14":"product-type-simple"},"acf":[],"_links":{"self":[{"href":"https:\/\/thaiminhanh.com\/en\/wp-json\/wp\/v2\/product\/3324","targetHints":{"allow":["GET"]}}],"collection":[{"href":"https:\/\/thaiminhanh.com\/en\/wp-json\/wp\/v2\/product"}],"about":[{"href":"https:\/\/thaiminhanh.com\/en\/wp-json\/wp\/v2\/types\/product"}],"replies":[{"embeddable":true,"href":"https:\/\/thaiminhanh.com\/en\/wp-json\/wp\/v2\/comments?post=3324"}],"wp:featuredmedia":[{"embeddable":true,"href":"https:\/\/thaiminhanh.com\/en\/wp-json\/wp\/v2\/media\/2667"}],"wp:attachment":[{"href":"https:\/\/thaiminhanh.com\/en\/wp-json\/wp\/v2\/media?parent=3324"}],"wp:term":[{"taxonomy":"product_brand","embeddable":true,"href":"https:\/\/thaiminhanh.com\/en\/wp-json\/wp\/v2\/product_brand?post=3324"},{"taxonomy":"product_cat","embeddable":true,"href":"https:\/\/thaiminhanh.com\/en\/wp-json\/wp\/v2\/product_cat?post=3324"},{"taxonomy":"product_tag","embeddable":true,"href":"https:\/\/thaiminhanh.com\/en\/wp-json\/wp\/v2\/product_tag?post=3324"}],"curies":[{"name":"wp","href":"https:\/\/api.w.org\/{rel}","templated":true}]}}