{"id":3363,"date":"2021-06-09T04:57:32","date_gmt":"2021-06-22T09:18:02","guid":{"rendered":"https:\/\/thaiminhanh.com\/product\/cleaning-and-maintanance\/"},"modified":"2021-07-03T10:00:28","modified_gmt":"2021-07-03T10:00:28","slug":"cleaning-and-maintanance","status":"publish","type":"product","link":"https:\/\/thaiminhanh.com\/en\/product\/cleaning-and-maintanance\/","title":{"rendered":"Cleaning and maintanance"},"content":{"rendered":"<\/p>\n<div class=\"tab-pane active bottom20\" id=\"tab-description\">\n<h2 style=\"margin: 10px 0px 1em;padding: 0px 0px 2px;font-size: 1.667em;line-height: normal;font-family: Arial, sans-serif;clear: both\"><span style=\"margin: 0px;padding: 0px;font-size: 15px;font-family: arial, helvetica, sans-serif\">C\u00e1ch ch\u0103m s\u00f3c v\u00e0 b\u1ea3o d\u01b0\u1ee1ng phim c\u00e1ch nhi\u1ec7t sau khi l\u1eafp \u0111\u1eb7t<\/span><\/h2>\n<div style=\"margin: 0px;padding: 0px;font-family: Arial, Helvetica, sans-serif\">\n<ol style=\"margin-right: 0px;margin-bottom: 0px;margin-left: 0px;padding: 0px\">\n<li style=\"margin: 5px 20px;padding: 0px\"><span style=\"margin: 0px;padding: 0px;font-size: 15px;font-family: arial, helvetica, sans-serif\"><strong style=\"margin: 0px;padding: 0px\">C\u00e1ch v\u1ec7 sinh v\u00e0 l\u00e0m s\u1ea1ch phim c\u00e1ch nhi\u1ec7t<\/strong><\/span><br style=\"margin: 0px;padding: 0px\"><span style=\"margin: 0px;padding: 0px;font-size: 15px;font-family: arial, helvetica, sans-serif\">X\u1ecbt l\u00ean phim m\u1ed9t l\u1ecdai n\u01b0\u1edbc x\u00e0 ph\u00f2ng nh\u1eb9, v\u00e0 lau v\u1edbi kh\u0103n m\u1ec1m, s\u1ea1ch<\/span><\/li>\n<li style=\"margin: 5px 20px;padding: 0px\"><span style=\"margin: 0px;padding: 0px;font-size: 15px;font-family: arial, helvetica, sans-serif\"><strong style=\"margin: 0px;padding: 0px\">Th\u1eddi gian \u0111\u1ec3 phim ho\u00e0n to\u00e0n kh\u00f4<\/strong><\/span><br style=\"margin: 0px;padding: 0px\"><span style=\"margin: 0px;padding: 0px;font-size: 15px;font-family: arial, helvetica, sans-serif\">Trong th\u1eddi gian \u00edt nh\u1ea5t 7 ng\u00e0y kh\u00f4ng n\u00ean lau r\u1eeda \u0111\u1ec3 \u0111\u1ea3m b\u1ea3o \u0111\u1ed9 d\u00ednh c\u1ee7a phim v\u00e0o m\u1eb7t k\u00ednh..<\/span><\/li>\n<li style=\"margin: 5px 20px;padding: 0px\"><span style=\"margin: 0px;padding: 0px;font-size: 15px;font-family: arial, helvetica, sans-serif\"><strong style=\"margin: 0px;padding: 0px\">Nh\u1eefng v\u1ebft m\u1edd nh\u1eb9<\/strong><\/span><br style=\"margin: 0px;padding: 0px\"><span style=\"margin: 0px;padding: 0px;font-size: 15px;font-family: arial, helvetica, sans-serif\">\u0110\u00e2y l\u00e0 l\u1edbp m\u1edd nh\u1eb9 c\u00f3 th\u1ec3 xu\u1ea5t hi\u1ec7n gi\u1eefa l\u1edbp phim v\u00e0 m\u1eb7t k\u00ednh sau khi l\u1eafp \u0111\u1eb7t. \u0110i\u1ec1u n\u00e0y r\u1ea5t b\u00ecnh th\u01b0\u1eddng v\u00e0 n\u00f3 s\u1ebd bi\u1ebfn m\u1ea5t sau kho\u1ea3ng t\u1eeb 4 \u0111\u1ebfn 10 tu\u1ea7n.<\/span><br style=\"margin: 0px;padding: 0px\"><span style=\"margin: 0px;padding: 0px;font-size: 15px;font-family: arial, helvetica, sans-serif\">\u0110\u00f4i khi c\u0169ng s\u1ebd xu\u1ea5t hi\u1ec7n m\u1ed9t s\u1ed1 b\u1ecdt n\u01b0\u1edbc nh\u01b0ng n\u00f3 c\u0169ng s\u1ebd t\u1ef1 m\u1ea5t \u0111i sau 4 \u0111\u1ebfn 10 tu\u1ea7n.<\/span><\/li>\n<li style=\"margin: 5px 20px;padding: 0px\"><span style=\"margin: 0px;padding: 0px;font-size: 15px;font-family: arial, helvetica, sans-serif\"><strong style=\"margin: 0px;padding: 0px\">\u0110\u01b0\u1eddng n\u1ed1i phim tr\u00ean m\u1eb7t k\u00ednh<\/strong><\/span><br style=\"margin: 0px;padding: 0px\"><span style=\"margin: 0px;padding: 0px;font-size: 15px;font-family: arial, helvetica, sans-serif\">\u0110\u1ed1i v\u1edbi k\u00ednh sau c\u1ee7a xe, \u0111\u1ec3 \u0111\u1ea3m b\u1ea3o d\u00e1n \u0111\u01b0\u1ee3c to\u00e0n b\u1ed9 k\u00ednh, ph\u1ea3i d\u00f9ng nhi\u1ec1u m\u1ea3nh phim do \u0111\u00f3 s\u1ebd xu\u1ea5t hi\u1ec7n nh\u1eefng v\u1ebft n\u1ed1i c\u1ee7a phim tr\u00ean k\u00ednh, nh\u01b0ng ch\u00fang ta ho\u00e0n to\u00e0n kh\u00f4ng ph\u1ea3i lo l\u1eafng v\u1ec1 \u0111i\u1ec1u n\u00e0y v\u00ec nh\u1eefng \u0111\u01b0\u1eddng n\u1ed1i \u0111\u00f3 ph\u1ea3i \u0111\u01b0\u1ee3c l\u00e0m ho\u00e0n to\u00e0n ch\u00ednh x\u00e1c th\u1eadm ch\u00ed m\u1eaft th\u01b0\u1eddng kh\u00f3 c\u00f3 th\u1ec3 th\u1ea5y \u0111\u01b0\u1ee3c.<\/span><\/li>\n<\/ol>\n<\/div>\n<\/div>\n","protected":false},"excerpt":{"rendered":"<p>C\u00e1ch ch\u0103m s\u00f3c v\u00e0 b\u1ea3o d\u01b0\u1ee1ng phim c\u00e1ch nhi\u1ec7t sau khi l\u1eafp \u0111\u1eb7t C\u00e1ch v\u1ec7 sinh v\u00e0 l\u00e0m s\u1ea1ch phim c\u00e1ch nhi\u1ec7tX\u1ecbt l\u00ean phim m\u1ed9t l\u1ecdai n\u01b0\u1edbc x\u00e0 ph\u00f2ng nh\u1eb9, v\u00e0 lau v\u1edbi kh\u0103n m\u1ec1m, s\u1ea1ch Th\u1eddi gian \u0111\u1ec3 phim ho\u00e0n to\u00e0n kh\u00f4Trong th\u1eddi gian \u00edt nh\u1ea5t 7 ng\u00e0y kh\u00f4ng n\u00ean lau r\u1eeda \u0111\u1ec3 \u0111\u1ea3m b\u1ea3o \u0111\u1ed9 d\u00ednh c\u1ee7a phim v\u00e0o m\u1eb7t k\u00ednh.. Nh\u1eefng v\u1ebft m\u1edd nh\u1eb9\u0110\u00e2y l\u00e0 l\u1edbp m\u1edd nh\u1eb9 c\u00f3 th\u1ec3 xu\u1ea5t hi\u1ec7n gi\u1eefa l\u1edbp phim v\u00e0 m\u1eb7t k\u00ednh sau khi l\u1eafp \u0111\u1eb7t. \u0110i\u1ec1u n\u00e0y r\u1ea5t b\u00ecnh th\u01b0\u1eddng v\u00e0 n\u00f3 s\u1ebd bi\u1ebfn m\u1ea5t sau kho\u1ea3ng t\u1eeb 4 \u0111\u1ebfn 10 tu\u1ea7n.\u0110\u00f4i khi c\u0169ng s\u1ebd xu\u1ea5t hi\u1ec7n m\u1ed9t s\u1ed1 b\u1ecdt n\u01b0\u1edbc nh\u01b0ng n\u00f3 c\u0169ng s\u1ebd t\u1ef1 m\u1ea5t \u0111i sau 4 \u0111\u1ebfn 10 tu\u1ea7n. \u0110\u01b0\u1eddng n\u1ed1i phim tr\u00ean m\u1eb7t k\u00ednh\u0110\u1ed1i v\u1edbi k\u00ednh sau c\u1ee7a xe, \u0111\u1ec3 \u0111\u1ea3m b\u1ea3o d\u00e1n \u0111\u01b0\u1ee3c to\u00e0n b\u1ed9 k\u00ednh, ph\u1ea3i d\u00f9ng nhi\u1ec1u m\u1ea3nh phim do \u0111\u00f3 s\u1ebd xu\u1ea5t hi\u1ec7n nh\u1eefng v\u1ebft n\u1ed1i c\u1ee7a phim tr\u00ean k\u00ednh, nh\u01b0ng ch\u00fang ta ho\u00e0n to\u00e0n kh\u00f4ng ph\u1ea3i lo l\u1eafng v\u1ec1 \u0111i\u1ec1u n\u00e0y v\u00ec nh\u1eefng \u0111\u01b0\u1eddng n\u1ed1i \u0111\u00f3 ph\u1ea3i \u0111\u01b0\u1ee3c l\u00e0m ho\u00e0n to\u00e0n ch\u00ednh x\u00e1c th\u1eadm ch\u00ed m\u1eaft th\u01b0\u1eddng kh\u00f3 c\u00f3 th\u1ec3 th\u1ea5y \u0111\u01b0\u1ee3c.<\/p>\n","protected":false},"featured_media":4779,"comment_status":"open","ping_status":"closed","template":"","meta":{"_acf_changed":false},"product_brand":[],"product_cat":[321,323,324,326],"product_tag":[],"class_list":{"0":"post-3363","1":"product","2":"type-product","3":"status-publish","4":"has-post-thumbnail","6":"product_cat-glass-windows-film","7":"product_cat-windows-installation-price","8":"product_cat-solar-master-film-introduction","9":"product_cat-function-of-windows-film","11":"first","12":"instock","13":"taxable","14":"shipping-taxable","15":"product-type-simple"},"acf":[],"_links":{"self":[{"href":"https:\/\/thaiminhanh.com\/en\/wp-json\/wp\/v2\/product\/3363","targetHints":{"allow":["GET"]}}],"collection":[{"href":"https:\/\/thaiminhanh.com\/en\/wp-json\/wp\/v2\/product"}],"about":[{"href":"https:\/\/thaiminhanh.com\/en\/wp-json\/wp\/v2\/types\/product"}],"replies":[{"embeddable":true,"href":"https:\/\/thaiminhanh.com\/en\/wp-json\/wp\/v2\/comments?post=3363"}],"wp:featuredmedia":[{"embeddable":true,"href":"https:\/\/thaiminhanh.com\/en\/wp-json\/wp\/v2\/media\/4779"}],"wp:attachment":[{"href":"https:\/\/thaiminhanh.com\/en\/wp-json\/wp\/v2\/media?parent=3363"}],"wp:term":[{"taxonomy":"product_brand","embeddable":true,"href":"https:\/\/thaiminhanh.com\/en\/wp-json\/wp\/v2\/product_brand?post=3363"},{"taxonomy":"product_cat","embeddable":true,"href":"https:\/\/thaiminhanh.com\/en\/wp-json\/wp\/v2\/product_cat?post=3363"},{"taxonomy":"product_tag","embeddable":true,"href":"https:\/\/thaiminhanh.com\/en\/wp-json\/wp\/v2\/product_tag?post=3363"}],"curies":[{"name":"wp","href":"https:\/\/api.w.org\/{rel}","templated":true}]}}