{"id":3531,"date":"2021-06-23T01:46:29","date_gmt":"2021-06-23T01:46:29","guid":{"rendered":"https:\/\/thaiminhanh.com\/product\/mieng-danh-vang-xu-ly-xuoc\/"},"modified":"2021-07-02T04:00:39","modified_gmt":"2021-07-02T04:00:39","slug":"mieng-danh-vang-xu-ly-xuoc","status":"publish","type":"product","link":"https:\/\/thaiminhanh.com\/en\/product\/mieng-danh-vang-xu-ly-xuoc\/","title":{"rendered":"Mi\u1ebfng \u0111\u00e1nh v\u00e0ng x\u1eed l\u00fd x\u01b0\u1edbc"},"content":{"rendered":"<\/p>\n<div class=\"tab-pane active bottom20\" id=\"tab-description\">\n<p><span style=\"font-family: Arial, Helvetica, sans-serif\">\u2022 Firm yellow material is designed for light compounding<\/span><br style=\"font-family: Arial, Helvetica, sans-serif\"><span style=\"font-family: Arial, Helvetica, sans-serif\">\u2022 Unique curved design ensures safe, contour buffing<\/span><br style=\"font-family: Arial, Helvetica, sans-serif\"><span style=\"font-family: Arial, Helvetica, sans-serif\">\u2022 Reticulated foam composite resists tearing or chunking<\/span><br style=\"font-family: Arial, Helvetica, sans-serif\"><span style=\"font-family: Arial, Helvetica, sans-serif\">\u2022 Quick change Velcro<\/span><sup style=\"font-family: Arial, Helvetica, sans-serif\">\u00ae<\/sup><span style=\"font-family: Arial, Helvetica, sans-serif\">\u00a0mount<\/span><br style=\"font-family: Arial, Helvetica, sans-serif\"><span style=\"font-family: Arial, Helvetica, sans-serif\">\u2022 1 1\/2&#8243; thick for longer pad life<\/span><br style=\"font-family: Arial, Helvetica, sans-serif\"><span style=\"font-family: Arial, Helvetica, sans-serif\">\u2022 8 1\/2&#8243; Diameter<\/span><\/p>\n<\/div>\n","protected":false},"excerpt":{"rendered":"<p>\u2022 Firm yellow material is designed for light compounding\u2022 Unique curved design ensures safe, contour buffing\u2022 Reticulated foam composite resists tearing or chunking\u2022 Quick change Velcro\u00ae\u00a0mount\u2022 1 1\/2&#8243; thick for longer pad life\u2022 8 1\/2&#8243; Diameter<\/p>\n","protected":false},"featured_media":4454,"comment_status":"open","ping_status":"closed","template":"","meta":{"_acf_changed":false},"product_brand":[],"product_cat":[327,331,329,328],"product_tag":[],"class_list":{"0":"post-3531","1":"product","2":"type-product","3":"status-publish","4":"has-post-thumbnail","6":"product_cat-tools-and-equipments","7":"product_cat-polishing-tools","8":"product_cat-leather-tools","9":"product_cat-cleaning-tools","11":"first","12":"instock","13":"taxable","14":"shipping-taxable","15":"purchasable","16":"product-type-simple"},"acf":[],"_links":{"self":[{"href":"https:\/\/thaiminhanh.com\/en\/wp-json\/wp\/v2\/product\/3531","targetHints":{"allow":["GET"]}}],"collection":[{"href":"https:\/\/thaiminhanh.com\/en\/wp-json\/wp\/v2\/product"}],"about":[{"href":"https:\/\/thaiminhanh.com\/en\/wp-json\/wp\/v2\/types\/product"}],"replies":[{"embeddable":true,"href":"https:\/\/thaiminhanh.com\/en\/wp-json\/wp\/v2\/comments?post=3531"}],"wp:featuredmedia":[{"embeddable":true,"href":"https:\/\/thaiminhanh.com\/en\/wp-json\/wp\/v2\/media\/4454"}],"wp:attachment":[{"href":"https:\/\/thaiminhanh.com\/en\/wp-json\/wp\/v2\/media?parent=3531"}],"wp:term":[{"taxonomy":"product_brand","embeddable":true,"href":"https:\/\/thaiminhanh.com\/en\/wp-json\/wp\/v2\/product_brand?post=3531"},{"taxonomy":"product_cat","embeddable":true,"href":"https:\/\/thaiminhanh.com\/en\/wp-json\/wp\/v2\/product_cat?post=3531"},{"taxonomy":"product_tag","embeddable":true,"href":"https:\/\/thaiminhanh.com\/en\/wp-json\/wp\/v2\/product_tag?post=3531"}],"curies":[{"name":"wp","href":"https:\/\/api.w.org\/{rel}","templated":true}]}}